{"id":52,"date":"2022-09-30T09:12:38","date_gmt":"2022-09-30T09:12:38","guid":{"rendered":"https:\/\/code.webhth.com\/thanglongjov\/?page_id=52"},"modified":"2023-03-20T03:04:24","modified_gmt":"2023-03-20T03:04:24","slug":"lien-he","status":"publish","type":"page","link":"https:\/\/code.webhth.com\/thanglongjov\/lien-he\/","title":{"rendered":"Li\u00ean h\u1ec7"},"content":{"rendered":"\t<div id=\"gap-729277522\" class=\"gap-element clearfix\" style=\"display:block; height:auto;\">\n\t\t\n<style>\n#gap-729277522 {\n  padding-top: 30px;\n}\n<\/style>\n\t<\/div>\n\t\n<div class=\"row row-collapse row-full-width\"  id=\"row-19789761\">\n\n\t<div id=\"col-924778617\" class=\"col small-12 large-12\"  >\n\t\t\t\t<div class=\"col-inner\"  >\n\t\t\t\n\t\t\t\n\t<section class=\"section\" id=\"section_218931048\">\n\t\t<div class=\"bg section-bg fill bg-fill  \" >\n\n\t\t\t\n\t\t\t<div class=\"section-bg-overlay absolute fill\"><\/div>\n\t\t\t\n\n\t\t<\/div>\n\n\t\t\n\n\t\t<div class=\"section-content relative\">\n\t\t\t\n<div class=\"row row-collapse align-center\" style=\"max-width:\" id=\"row-1790709319\">\n\n\t<div id=\"col-611194783\" class=\"col small-12 large-12\"  >\n\t\t\t\t<div class=\"col-inner text-center dark\"  >\n\t\t\t\n\t\t\t\n<h1><span style=\"font-size: 64.8px;\">TH\u00d4NG TIN LI\u00caN H\u1ec6<\/span><\/h1>\n<h1><span style=\"font-size: 120%; color: #555555;\">G\u1eedi tin nh\u1eafn cho ch\u00fang t\u00f4i<\/span><\/h1>\n\t\t<\/div>\n\t\t\t\t\n<style>\n#col-611194783 > .col-inner {\n  padding: 100px 20px 200px 0px;\n}\n@media (min-width:550px) {\n  #col-611194783 > .col-inner {\n    padding: 100px 0px 200px 0px;\n  }\n}\n<\/style>\n\t<\/div>\n\n\t\n<\/div>\n\t\t<\/div>\n\n\t\t\n<style>\n#section_218931048 {\n  padding-top: 0px;\n  padding-bottom: 0px;\n  min-height: 0px;\n}\n#section_218931048 .section-bg-overlay {\n  background-color: rgba(0, 0, 0, 0.12);\n}\n#section_218931048 .section-bg.bg-loaded {\n  background-image: url(https:\/\/code.webhth.com\/thanglongjov\/wp-content\/uploads\/2022\/09\/chris-henry-o3_nfpK4VsA-unsplash-1.jpg);\n}\n#section_218931048 .section-bg {\n  background-position: 55% 100%;\n}\n#section_218931048 .ux-shape-divider--top svg {\n  height: 150px;\n  --divider-top-width: 100%;\n}\n#section_218931048 .ux-shape-divider--bottom svg {\n  height: 150px;\n  --divider-width: 100%;\n}\n@media (min-width:550px) {\n  #section_218931048 {\n    padding-top: 0px;\n    padding-bottom: 0px;\n  }\n  #section_218931048 .section-bg-overlay {\n    background-color: rgba(0, 0, 0, 0.21);\n  }\n}\n@media (min-width:850px) {\n  #section_218931048 {\n    padding-top: 100px;\n    padding-bottom: 100px;\n  }\n  #section_218931048 .section-bg-overlay {\n    background-color: rgba(0, 0, 0, 0.12);\n  }\n}\n<\/style>\n\t<\/section>\n\t\n\t\t<\/div>\n\t\t\t\t\n<style>\n#col-924778617 > .col-inner {\n  padding: 0px 30px 0px 30px;\n}\n<\/style>\n\t<\/div>\n\n\t\n<\/div>\n<div class=\"row row-large\" style=\"max-width:1400px\" id=\"row-1974145741\">\n\n\t<div id=\"col-27553938\" class=\"col small-12 large-12\"  >\n\t\t\t\t<div class=\"col-inner\" style=\"background-color:rgb(255, 255, 255);\" >\n\t\t\t\n\t\t\t\n<div class=\"row row-collapse row-full-width\"  id=\"row-867011752\">\n\n\t<div id=\"col-1954612069\" class=\"col medium-12 small-12 large-6\"  >\n\t\t\t\t<div class=\"col-inner\"  >\n\t\t\t\n\t\t\t\n<h2><span style=\"font-size: 120%;\">LI\u00caN H\u1ec6<\/span><\/h2>\n<p>Vui l\u00f2ng li\u00ean h\u1ec7 v\u1edbi ch\u00fang t\u00f4i theo th\u00f4ng tin d\u01b0\u1edbi \u0111\u00e2y.<\/p>\n\t<div id=\"gap-851004703\" class=\"gap-element clearfix\" style=\"display:block; height:auto;\">\n\t\t\n<style>\n#gap-851004703 {\n  padding-top: 20px;\n}\n@media (min-width:550px) {\n  #gap-851004703 {\n    padding-top: 20px;\n  }\n}\n@media (min-width:850px) {\n  #gap-851004703 {\n    padding-top: 30px;\n  }\n}\n<\/style>\n\t<\/div>\n\t\n<div class=\"row\"  id=\"row-313143501\">\n\n\t<div id=\"col-996291379\" class=\"col medium-6 small-12 large-6\"  >\n\t\t\t\t<div class=\"col-inner\"  >\n\t\t\t\n\t\t\t\n\t<div class=\"img has-hover x md-x lg-x y md-y lg-y\" id=\"image_735399147\">\n\t\t\t\t\t\t\t\t<div class=\"img-inner dark\" >\n\t\t\t<img loading=\"lazy\" decoding=\"async\" width=\"240\" height=\"240\" src=\"https:\/\/code.webhth.com\/thanglongjov\/wp-content\/uploads\/2022\/09\/map-pin-2-fill-2.png\" class=\"attachment-large size-large\" alt=\"\" srcset=\"https:\/\/code.webhth.com\/thanglongjov\/wp-content\/uploads\/2022\/09\/map-pin-2-fill-2.png 240w, https:\/\/code.webhth.com\/thanglongjov\/wp-content\/uploads\/2022\/09\/map-pin-2-fill-2-100x100.png 100w, https:\/\/code.webhth.com\/thanglongjov\/wp-content\/uploads\/2022\/09\/map-pin-2-fill-2-150x150.png 150w\" sizes=\"auto, (max-width: 240px) 100vw, 240px\" \/>\t\t\t\t\t\t\n\t\t\t\t\t<\/div>\n\t\t\t\t\t\t\t\t\n<style>\n#image_735399147 {\n  width: 15%;\n}\n@media (min-width:550px) {\n  #image_735399147 {\n    width: 20%;\n  }\n}\n<\/style>\n\t<\/div>\n\t\n<h3 class=\"uppercase\">\u0110\u1ecaA CH\u1ec8<\/h3>\n<p>S\u1ed1 10 Li\u1ec1n k\u1ec1 6, M\u1eadu L\u01b0\u01a1ng<br \/>\nKi\u1ebfn H\u01b0ng, H\u00e0 \u0110\u00f4ng<br \/>\nH\u00e0 N\u1ed9i<\/p>\n\t\t<\/div>\n\t\t\t\t\t<\/div>\n\n\t\n\n\t<div id=\"col-562241261\" class=\"col medium-5 small-12 large-6\"  >\n\t\t\t\t<div class=\"col-inner\"  >\n\t\t\t\n\t\t\t\n\t<div class=\"img has-hover x md-x lg-x y md-y lg-y\" id=\"image_1181075785\">\n\t\t\t\t\t\t\t\t<div class=\"img-inner dark\" >\n\t\t\t<img loading=\"lazy\" decoding=\"async\" width=\"240\" height=\"240\" src=\"https:\/\/code.webhth.com\/thanglongjov\/wp-content\/uploads\/2022\/09\/time-fill.png\" class=\"attachment-large size-large\" alt=\"\" srcset=\"https:\/\/code.webhth.com\/thanglongjov\/wp-content\/uploads\/2022\/09\/time-fill.png 240w, https:\/\/code.webhth.com\/thanglongjov\/wp-content\/uploads\/2022\/09\/time-fill-100x100.png 100w, https:\/\/code.webhth.com\/thanglongjov\/wp-content\/uploads\/2022\/09\/time-fill-150x150.png 150w\" sizes=\"auto, (max-width: 240px) 100vw, 240px\" \/>\t\t\t\t\t\t\n\t\t\t\t\t<\/div>\n\t\t\t\t\t\t\t\t\n<style>\n#image_1181075785 {\n  width: 15%;\n}\n@media (min-width:550px) {\n  #image_1181075785 {\n    width: 20%;\n  }\n}\n<\/style>\n\t<\/div>\n\t\n<h3 class=\"uppercase\">GI\u1edc L\u00c0M VI\u1ec6C<\/h3>\n<p>Th\u1ee9 Hai \u0111\u1ebfn Th\u1ee9 S\u00e1u: 08am &#8211; 6pm<\/p>\n<p>Th\u1ee9 B\u1ea3y: 08am &#8211; 6pm<\/p>\n\t\t<\/div>\n\t\t\t\t\t<\/div>\n\n\t\n<\/div>\n<div class=\"row\"  id=\"row-1393497129\">\n\n\t<div id=\"col-976517887\" class=\"col medium-6 small-12 large-6\"  >\n\t\t\t\t<div class=\"col-inner\"  >\n\t\t\t\n\t\t\t\n\t<div class=\"img has-hover x md-x lg-x y md-y lg-y\" id=\"image_342657479\">\n\t\t\t\t\t\t\t\t<div class=\"img-inner dark\" >\n\t\t\t<img loading=\"lazy\" decoding=\"async\" width=\"240\" height=\"240\" src=\"https:\/\/code.webhth.com\/thanglongjov\/wp-content\/uploads\/2022\/09\/mail-open-fill.png\" class=\"attachment-large size-large\" alt=\"\" srcset=\"https:\/\/code.webhth.com\/thanglongjov\/wp-content\/uploads\/2022\/09\/mail-open-fill.png 240w, https:\/\/code.webhth.com\/thanglongjov\/wp-content\/uploads\/2022\/09\/mail-open-fill-100x100.png 100w, https:\/\/code.webhth.com\/thanglongjov\/wp-content\/uploads\/2022\/09\/mail-open-fill-150x150.png 150w\" sizes=\"auto, (max-width: 240px) 100vw, 240px\" \/>\t\t\t\t\t\t\n\t\t\t\t\t<\/div>\n\t\t\t\t\t\t\t\t\n<style>\n#image_342657479 {\n  width: 15%;\n}\n@media (min-width:550px) {\n  #image_342657479 {\n    width: 20%;\n  }\n}\n<\/style>\n\t<\/div>\n\t\n<h3 class=\"uppercase\">E-mail<\/h3>\n<p>numota68@gmail.com<\/p>\n\t\t<\/div>\n\t\t\t\t\t<\/div>\n\n\t\n\n\t<div id=\"col-263878889\" class=\"col medium-6 small-12 large-6\"  >\n\t\t\t\t<div class=\"col-inner\"  >\n\t\t\t\n\t\t\t\n\t<div class=\"img has-hover x md-x lg-x y md-y lg-y\" id=\"image_1181580592\">\n\t\t\t\t\t\t\t\t<div class=\"img-inner dark\" >\n\t\t\t<img loading=\"lazy\" decoding=\"async\" width=\"240\" height=\"240\" src=\"https:\/\/code.webhth.com\/thanglongjov\/wp-content\/uploads\/2022\/09\/phone-fill.png\" class=\"attachment-large size-large\" alt=\"\" srcset=\"https:\/\/code.webhth.com\/thanglongjov\/wp-content\/uploads\/2022\/09\/phone-fill.png 240w, https:\/\/code.webhth.com\/thanglongjov\/wp-content\/uploads\/2022\/09\/phone-fill-100x100.png 100w, https:\/\/code.webhth.com\/thanglongjov\/wp-content\/uploads\/2022\/09\/phone-fill-150x150.png 150w\" sizes=\"auto, (max-width: 240px) 100vw, 240px\" \/>\t\t\t\t\t\t\n\t\t\t\t\t<\/div>\n\t\t\t\t\t\t\t\t\n<style>\n#image_1181580592 {\n  width: 15%;\n}\n@media (min-width:550px) {\n  #image_1181580592 {\n    width: 20%;\n  }\n}\n<\/style>\n\t<\/div>\n\t\n<h3 class=\"uppercase\">\u0110I\u1ec6N THO\u1ea0I<\/h3>\n<p>0941 567 335<\/p>\n\t\t<\/div>\n\t\t\t\t\t<\/div>\n\n\t\n<\/div>\n\t\t<\/div>\n\t\t\t\t\n<style>\n#col-1954612069 > .col-inner {\n  padding: 0px 0px 0px 20px;\n}\n<\/style>\n\t<\/div>\n\n\t\n\n\t<div id=\"col-2105598618\" class=\"col medium-12 small-12 large-6\"  >\n\t\t\t\t<div class=\"col-inner\"  >\n\t\t\t\n\t\t\t\n<h2><span style=\"font-size: 120%;\">H\u1eceI \u0110\u00c1P<\/span><\/h2>\n\t<div id=\"gap-1597619784\" class=\"gap-element clearfix\" style=\"display:block; height:auto;\">\n\t\t\n<style>\n#gap-1597619784 {\n  padding-top: 20px;\n}\n@media (min-width:550px) {\n  #gap-1597619784 {\n    padding-top: 20px;\n  }\n}\n@media (min-width:850px) {\n  #gap-1597619784 {\n    padding-top: 30px;\n  }\n}\n<\/style>\n\t<\/div>\n\t\n\n<div class=\"wpcf7 no-js\" id=\"wpcf7-f4-o1\" lang=\"vi\" dir=\"ltr\">\n<div class=\"screen-reader-response\"><p role=\"status\" aria-live=\"polite\" aria-atomic=\"true\"><\/p> <ul><\/ul><\/div>\n<form action=\"\/thanglongjov\/wp-json\/wp\/v2\/pages\/52#wpcf7-f4-o1\" method=\"post\" class=\"wpcf7-form init\" aria-label=\"Form li\u00ean h\u1ec7\" novalidate=\"novalidate\" data-status=\"init\">\n<div style=\"display: none;\">\n<input type=\"hidden\" name=\"_wpcf7\" value=\"4\" \/>\n<input type=\"hidden\" name=\"_wpcf7_version\" value=\"5.7.4\" \/>\n<input type=\"hidden\" name=\"_wpcf7_locale\" value=\"vi\" \/>\n<input type=\"hidden\" name=\"_wpcf7_unit_tag\" value=\"wpcf7-f4-o1\" \/>\n<input type=\"hidden\" name=\"_wpcf7_container_post\" value=\"0\" \/>\n<input type=\"hidden\" name=\"_wpcf7_posted_data_hash\" value=\"\" \/>\n<\/div>\n<p><label> Your name<br \/>\n<span class=\"wpcf7-form-control-wrap\" data-name=\"your-name\"><input size=\"40\" class=\"wpcf7-form-control wpcf7-text wpcf7-validates-as-required\" aria-required=\"true\" aria-invalid=\"false\" value=\"\" type=\"text\" name=\"your-name\" \/><\/span> <\/label>\n<\/p>\n<p><label> Your email<br \/>\n<span class=\"wpcf7-form-control-wrap\" data-name=\"your-email\"><input size=\"40\" class=\"wpcf7-form-control wpcf7-text wpcf7-email wpcf7-validates-as-required wpcf7-validates-as-email\" aria-required=\"true\" aria-invalid=\"false\" value=\"\" type=\"email\" name=\"your-email\" \/><\/span> <\/label>\n<\/p>\n<p><label> Ti\u00eau \u0111\u1ec1:<br \/>\n<span class=\"wpcf7-form-control-wrap\" data-name=\"your-subject\"><input size=\"40\" class=\"wpcf7-form-control wpcf7-text wpcf7-validates-as-required\" aria-required=\"true\" aria-invalid=\"false\" value=\"\" type=\"text\" name=\"your-subject\" \/><\/span> <\/label>\n<\/p>\n<p><label> Your message (optional)<br \/>\n<span class=\"wpcf7-form-control-wrap\" data-name=\"your-message\"><textarea cols=\"40\" rows=\"10\" class=\"wpcf7-form-control wpcf7-textarea\" aria-invalid=\"false\" name=\"your-message\"><\/textarea><\/span> <\/label>\n<\/p>\n<p><input class=\"wpcf7-form-control has-spinner wpcf7-submit\" type=\"submit\" value=\"Submit\" \/>\n<\/p><div class=\"wpcf7-response-output\" aria-hidden=\"true\"><\/div>\n<\/form>\n<\/div>\n\n\t\t<\/div>\n\t\t\t\t\t<\/div>\n\n\t\n\n<style>\n#row-867011752 > .col > .col-inner {\n  padding: 0px 15px 0px 15px;\n}\n<\/style>\n<\/div>\n\t\t<\/div>\n\t\t\t\t\n<style>\n#col-27553938 > .col-inner {\n  padding: 50px 20px 0px 20px;\n  margin: -0 0px 0px 0px;\n}\n@media (min-width:550px) {\n  #col-27553938 > .col-inner {\n    padding: 50px 20px 30px 20px;\n    margin: 0 0px 0px 0px;\n  }\n}\n@media (min-width:850px) {\n  #col-27553938 > .col-inner {\n    padding: 66px 5% 16px 5%;\n    margin: -135px 0px 0px 0px;\n  }\n}\n<\/style>\n\t<\/div>\n\n\t\n<\/div>\n\n<p><iframe loading=\"lazy\" style=\"border: 0;\" src=\"https:\/\/www.google.com\/maps\/embed?pb=!1m18!1m12!1m3!1d3724.99117705067!2d105.84045251476263!3d20.992990786017725!2m3!1f0!2f0!3f0!3m2!1i1024!2i768!4f13.1!3m3!1m2!1s0x3135ad67ecd9b6b1%3A0xec4c2ed707d374dc!2zMjAwIFAuIFRy4bqnbiDEkOG6oWkgTmdoxKlhLCDEkOG7k25nIFTDom0sIEhhaSBCw6AgVHLGsG5nLCBIw6AgTuG7mWksIFZp4buHdCBOYW0!5e0!3m2!1svi!2s!4v1664531307825!5m2!1svi!2s\" width=\"100%\" height=\"450\" allowfullscreen=\"allowfullscreen\"><\/iframe><br \/>\n\n","protected":false},"excerpt":{"rendered":"","protected":false},"author":1,"featured_media":0,"parent":0,"menu_order":0,"comment_status":"closed","ping_status":"closed","template":"page-blank.php","meta":{"footnotes":""},"class_list":["post-52","page","type-page","status-publish","hentry"],"yoast_head":"<!-- This site is optimized with the Yoast SEO plugin v20.2.1 - https:\/\/yoast.com\/wordpress\/plugins\/seo\/ -->\n<title>Li\u00ean h\u1ec7 - C\u00d4NG TY C\u1ed4 PH\u1ea6N NH\u00c2N L\u1ef0C QU\u1ed0C T\u1ebe TH\u1eaeNG L\u1ee2I<\/title>\n<meta name=\"robots\" content=\"index, follow, max-snippet:-1, max-image-preview:large, max-video-preview:-1\" \/>\n<link rel=\"canonical\" href=\"https:\/\/code.webhth.com\/thanglongjov\/lien-he\/\" \/>\n<meta property=\"og:locale\" content=\"vi_VN\" \/>\n<meta property=\"og:type\" content=\"article\" \/>\n<meta property=\"og:title\" content=\"Li\u00ean h\u1ec7 - C\u00d4NG TY C\u1ed4 PH\u1ea6N NH\u00c2N L\u1ef0C QU\u1ed0C T\u1ebe TH\u1eaeNG L\u1ee2I\" \/>\n<meta property=\"og:url\" content=\"https:\/\/code.webhth.com\/thanglongjov\/lien-he\/\" \/>\n<meta property=\"og:site_name\" content=\"C\u00d4NG TY C\u1ed4 PH\u1ea6N NH\u00c2N L\u1ef0C QU\u1ed0C T\u1ebe TH\u1eaeNG L\u1ee2I\" \/>\n<meta property=\"article:modified_time\" content=\"2023-03-20T03:04:24+00:00\" \/>\n<meta name=\"twitter:card\" content=\"summary_large_image\" \/>\n<script type=\"application\/ld+json\" class=\"yoast-schema-graph\">{\"@context\":\"https:\/\/schema.org\",\"@graph\":[{\"@type\":\"WebPage\",\"@id\":\"https:\/\/code.webhth.com\/thanglongjov\/lien-he\/\",\"url\":\"https:\/\/code.webhth.com\/thanglongjov\/lien-he\/\",\"name\":\"Li\u00ean h\u1ec7 - C\u00d4NG TY C\u1ed4 PH\u1ea6N NH\u00c2N L\u1ef0C QU\u1ed0C T\u1ebe TH\u1eaeNG L\u1ee2I\",\"isPartOf\":{\"@id\":\"https:\/\/code.webhth.com\/thanglongjov\/#website\"},\"datePublished\":\"2022-09-30T09:12:38+00:00\",\"dateModified\":\"2023-03-20T03:04:24+00:00\",\"breadcrumb\":{\"@id\":\"https:\/\/code.webhth.com\/thanglongjov\/lien-he\/#breadcrumb\"},\"inLanguage\":\"vi\",\"potentialAction\":[{\"@type\":\"ReadAction\",\"target\":[\"https:\/\/code.webhth.com\/thanglongjov\/lien-he\/\"]}]},{\"@type\":\"BreadcrumbList\",\"@id\":\"https:\/\/code.webhth.com\/thanglongjov\/lien-he\/#breadcrumb\",\"itemListElement\":[{\"@type\":\"ListItem\",\"position\":1,\"name\":\"Trang ch\u1ee7\",\"item\":\"https:\/\/code.webhth.com\/thanglongjov\/\"},{\"@type\":\"ListItem\",\"position\":2,\"name\":\"Li\u00ean h\u1ec7\"}]},{\"@type\":\"WebSite\",\"@id\":\"https:\/\/code.webhth.com\/thanglongjov\/#website\",\"url\":\"https:\/\/code.webhth.com\/thanglongjov\/\",\"name\":\"C\u00d4NG TY C\u1ed4 PH\u1ea6N NH\u00c2N L\u1ef0C QU\u1ed0C T\u1ebe TH\u1eaeNG L\u1ee2I\",\"description\":\"M\u1ed9t trang web m\u1edbi s\u1eed d\u1ee5ng WordPress\",\"potentialAction\":[{\"@type\":\"SearchAction\",\"target\":{\"@type\":\"EntryPoint\",\"urlTemplate\":\"https:\/\/code.webhth.com\/thanglongjov\/?s={search_term_string}\"},\"query-input\":\"required name=search_term_string\"}],\"inLanguage\":\"vi\"}]}<\/script>\n<!-- \/ Yoast SEO plugin. -->","yoast_head_json":{"title":"Li\u00ean h\u1ec7 - C\u00d4NG TY C\u1ed4 PH\u1ea6N NH\u00c2N L\u1ef0C QU\u1ed0C T\u1ebe TH\u1eaeNG L\u1ee2I","robots":{"index":"index","follow":"follow","max-snippet":"max-snippet:-1","max-image-preview":"max-image-preview:large","max-video-preview":"max-video-preview:-1"},"canonical":"https:\/\/code.webhth.com\/thanglongjov\/lien-he\/","og_locale":"vi_VN","og_type":"article","og_title":"Li\u00ean h\u1ec7 - C\u00d4NG TY C\u1ed4 PH\u1ea6N NH\u00c2N L\u1ef0C QU\u1ed0C T\u1ebe TH\u1eaeNG L\u1ee2I","og_url":"https:\/\/code.webhth.com\/thanglongjov\/lien-he\/","og_site_name":"C\u00d4NG TY C\u1ed4 PH\u1ea6N NH\u00c2N L\u1ef0C QU\u1ed0C T\u1ebe TH\u1eaeNG L\u1ee2I","article_modified_time":"2023-03-20T03:04:24+00:00","twitter_card":"summary_large_image","schema":{"@context":"https:\/\/schema.org","@graph":[{"@type":"WebPage","@id":"https:\/\/code.webhth.com\/thanglongjov\/lien-he\/","url":"https:\/\/code.webhth.com\/thanglongjov\/lien-he\/","name":"Li\u00ean h\u1ec7 - C\u00d4NG TY C\u1ed4 PH\u1ea6N NH\u00c2N L\u1ef0C QU\u1ed0C T\u1ebe TH\u1eaeNG L\u1ee2I","isPartOf":{"@id":"https:\/\/code.webhth.com\/thanglongjov\/#website"},"datePublished":"2022-09-30T09:12:38+00:00","dateModified":"2023-03-20T03:04:24+00:00","breadcrumb":{"@id":"https:\/\/code.webhth.com\/thanglongjov\/lien-he\/#breadcrumb"},"inLanguage":"vi","potentialAction":[{"@type":"ReadAction","target":["https:\/\/code.webhth.com\/thanglongjov\/lien-he\/"]}]},{"@type":"BreadcrumbList","@id":"https:\/\/code.webhth.com\/thanglongjov\/lien-he\/#breadcrumb","itemListElement":[{"@type":"ListItem","position":1,"name":"Trang ch\u1ee7","item":"https:\/\/code.webhth.com\/thanglongjov\/"},{"@type":"ListItem","position":2,"name":"Li\u00ean h\u1ec7"}]},{"@type":"WebSite","@id":"https:\/\/code.webhth.com\/thanglongjov\/#website","url":"https:\/\/code.webhth.com\/thanglongjov\/","name":"C\u00d4NG TY C\u1ed4 PH\u1ea6N NH\u00c2N L\u1ef0C QU\u1ed0C T\u1ebe TH\u1eaeNG L\u1ee2I","description":"M\u1ed9t trang web m\u1edbi s\u1eed d\u1ee5ng WordPress","potentialAction":[{"@type":"SearchAction","target":{"@type":"EntryPoint","urlTemplate":"https:\/\/code.webhth.com\/thanglongjov\/?s={search_term_string}"},"query-input":"required name=search_term_string"}],"inLanguage":"vi"}]}},"_links":{"self":[{"href":"https:\/\/code.webhth.com\/thanglongjov\/wp-json\/wp\/v2\/pages\/52","targetHints":{"allow":["GET"]}}],"collection":[{"href":"https:\/\/code.webhth.com\/thanglongjov\/wp-json\/wp\/v2\/pages"}],"about":[{"href":"https:\/\/code.webhth.com\/thanglongjov\/wp-json\/wp\/v2\/types\/page"}],"author":[{"embeddable":true,"href":"https:\/\/code.webhth.com\/thanglongjov\/wp-json\/wp\/v2\/users\/1"}],"replies":[{"embeddable":true,"href":"https:\/\/code.webhth.com\/thanglongjov\/wp-json\/wp\/v2\/comments?post=52"}],"version-history":[{"count":12,"href":"https:\/\/code.webhth.com\/thanglongjov\/wp-json\/wp\/v2\/pages\/52\/revisions"}],"predecessor-version":[{"id":323,"href":"https:\/\/code.webhth.com\/thanglongjov\/wp-json\/wp\/v2\/pages\/52\/revisions\/323"}],"wp:attachment":[{"href":"https:\/\/code.webhth.com\/thanglongjov\/wp-json\/wp\/v2\/media?parent=52"}],"curies":[{"name":"wp","href":"https:\/\/api.w.org\/{rel}","templated":true}]}}